{"id":3401,"date":"2026-03-21T17:52:44","date_gmt":"2026-03-21T17:52:44","guid":{"rendered":"https:\/\/cardinalcourse.com\/contact\/"},"modified":"2026-04-13T15:36:42","modified_gmt":"2026-04-13T15:36:42","slug":"contact","status":"publish","type":"page","link":"https:\/\/cardinalcourse.com\/fr\/contact\/","title":{"rendered":"CONTACT"},"content":{"rendered":"<div class=\"et_pb_section_0 et_pb_section et_section_regular et_flex_section\">\n<div class=\"et_pb_row_0 et_pb_row et_pb_gutters1 et_block_row\">\n<div class=\"et_pb_column_0 et_pb_column et_pb_column_1_2 et_flex_column et_pb_css_mix_blend_mode_passthrough\">\n<div class=\"et_pb_text_0 et_pb_text et_pb_bg_layout_light et_pb_module et_block_module\"><div class=\"et_pb_text_inner\"><p style=\"text-align: center;\">Sercives de Voilerie Technique<\/p>\n<\/div><\/div>\n\n<div class=\"et_pb_text_1 et_pb_text et_pb_bg_layout_light et_pb_module et_block_module\"><div class=\"et_pb_text_inner\"><p style=\"text-align: center;\">+34 <strong>616 311 598<\/strong><\/p>\n<\/div><\/div>\n\n<div class=\"et_pb_text_2 et_pb_text et_pb_bg_layout_light et_pb_module et_block_module\"><div class=\"et_pb_text_inner\"><p style=\"text-align: center;\"><strong>canvas<\/strong>@cardinalcourse.com<\/p>\n<\/div><\/div>\n\n<div class=\"et_pb_module et_pb_button_module_wrapper et_pb_button_0_wrapper\"><a class=\"et_pb_button_0 et_pb_button et_pb_bg_layout_light et_pb_module et_block_module\" href=\"\">Envoyer un email<\/a><\/div>\n<\/div>\n\n<div class=\"et_pb_column_1 et_pb_column et_pb_column_1_2 et-last-child et_flex_column et_pb_css_mix_blend_mode_passthrough\">\n<div class=\"et_pb_text_3 et_pb_text et_pb_bg_layout_light et_pb_module et_block_module\"><div class=\"et_pb_text_inner\"><p style=\"text-align: center;\">Sercives \u00e0 Bord et de Chantier Naval<\/p>\n<\/div><\/div>\n\n<div class=\"et_pb_text_4 et_pb_text et_pb_bg_layout_light et_pb_module et_block_module\"><div class=\"et_pb_text_inner\"><p style=\"text-align: center;\">+34 <strong>696 234 660<\/strong><\/p>\n<\/div><\/div>\n\n<div class=\"et_pb_text_5 et_pb_text et_pb_bg_layout_light et_pb_module et_block_module\"><div class=\"et_pb_text_inner\"><p style=\"text-align: center;\"><strong>tech<\/strong>@cardinalcourse.com<\/p>\n<\/div><\/div>\n\n<div class=\"et_pb_module et_pb_button_module_wrapper et_pb_button_1_wrapper\"><a class=\"et_pb_button_1 et_pb_button et_pb_bg_layout_light et_pb_module et_block_module\" href=\"\">Envoyer un email<\/a><\/div>\n<\/div>\n<\/div>\n<\/div>\n\n<div class=\"et_pb_section_1 et_pb_section et_section_regular et_block_section\">\n<div class=\"et_pb_row_1 et_pb_row et_flex_row\">\n<div class=\"et_pb_column_2 et_pb_column et_flex_column et_pb_css_mix_blend_mode_passthrough et_flex_column_16_24 et_flex_column_16_24_tablet et_flex_column_24_24_phone\">\n<div class=\"et_pb_image_0 et_pb_image et_pb_module et_flex_module\"><span class=\"et_pb_image_wrap\"><img loading=\"lazy\" decoding=\"async\" src=\"https:\/\/cardinalcourse.com\/wp-content\/uploads\/2026\/03\/Localizacion_Cardinal_33.jpg\" title=\"Localisation_Cardinal_33\" width=\"988\" height=\"704\" srcset=\"https:\/\/cardinalcourse.com\/wp-content\/uploads\/2026\/03\/Localizacion_Cardinal_33.jpg 988w, https:\/\/cardinalcourse.com\/wp-content\/uploads\/2026\/03\/Localizacion_Cardinal_33-980x698.jpg 980w, https:\/\/cardinalcourse.com\/wp-content\/uploads\/2026\/03\/Localizacion_Cardinal_33-480x342.jpg 480w\" sizes=\"(min-width: 0px) and (max-width: 480px) 480px, (min-width: 481px) and (max-width: 980px) 980px, (min-width: 981px) 988px, 100vw\" class=\"wp-image-1102\" \/><\/span><\/div>\n<\/div>\n\n<div class=\"et_pb_column_3 et_pb_column et-last-child et_flex_column et_pb_css_mix_blend_mode_passthrough et_flex_column_8_24 et_flex_column_8_24_tablet et_flex_column_24_24_phone\">\n<div class=\"et_pb_text_6 et_pb_text et_pb_bg_layout_light et_pb_module et_block_module\"><div class=\"et_pb_text_inner\"><p style=\"text-align: left;\">La Valeur Strat\u00e9gique de notre emplacement<\/p>\n<\/div><\/div>\n\n<div class=\"et_pb_text_7 et_pb_text et_pb_bg_layout_light et_pb_module et_block_module\"><div class=\"et_pb_text_inner\"><p style=\"text-align: left;\"> Le Campo de Gibraltar n'est pas une simple escale ; c'est le point de ralliement strat\u00e9gique le plus judicieux pour tout yacht naviguant \u00e0 la crois\u00e9e de l'Atlantique et de la M\u00e9diterran\u00e9e. Notre position fait de nous le centre n\u00e9vralgique id\u00e9al.<\/p>\n<\/div><\/div>\n<\/div>\n<\/div>\n\n<div class=\"et_pb_row_2 et_pb_row et_flex_row\">\n<div class=\"et_pb_column_4 et_pb_column et-last-child et_flex_column et_pb_css_mix_blend_mode_passthrough et_flex_column_24_24 et_flex_column_24_24_tablet et_flex_column_24_24_phone\">\n<div class=\"et_pb_text_8 et_pb_text et_pb_bg_layout_light et_pb_module et_block_module\"><div class=\"et_pb_text_inner\"><p style=\"text-align: center;\"><span>Pourquoi avoir choisi le Campo de Gibraltar?<\/span><\/p>\n<\/div><\/div>\n<\/div>\n<\/div>\n\n<div class=\"et_pb_row_3 et_pb_row et_flex_row\">\n<div class=\"et_pb_column_5 et_pb_column et_flex_column et_pb_css_mix_blend_mode_passthrough et_flex_column_24_24 et_flex_column_24_24_tablet et_flex_column_24_24_phone\">\n<div class=\"et_pb_image_1 et_pb_image et_pb_module et_block_module\"><span class=\"et_pb_image_wrap\"><img loading=\"lazy\" decoding=\"async\" src=\"https:\/\/cardinalcourse.com\/wp-content\/uploads\/2026\/01\/000-icono_Logistica-Global-1.jpg\" width=\"280\" height=\"269\" srcset=\"https:\/\/cardinalcourse.com\/wp-content\/uploads\/2026\/01\/000-icono_Logistica-Global-1.jpg 280w\" sizes=\"(max-width: 280px) 100vw, 280px\" class=\"wp-image-653\" title=\"000-ic\u00f4ne_Logistique-Globale\" \/><\/span><\/div>\n\n<div class=\"et_pb_text_9 et_pb_text et_pb_bg_layout_light et_pb_module et_block_module\"><div class=\"et_pb_text_inner\"><p style=\"text-align: center;\">Logistique<br \/>\nglobale<\/p>\n<\/div><\/div>\n\n<div class=\"et_pb_text_10 et_pb_text et_pb_bg_layout_light et_pb_module et_block_module\"><div class=\"et_pb_text_inner\"><p style=\"text-align: center;\">Connexion imm\u00e9diate pour les pi\u00e8ces de rechange internationales et proximit\u00e9 des a\u00e9roports.<\/p>\n<\/div><\/div>\n<\/div>\n\n<div class=\"et_pb_column_6 et_pb_column et_flex_column et_pb_css_mix_blend_mode_passthrough et_flex_column_24_24 et_flex_column_24_24_tablet et_flex_column_24_24_phone\">\n<div class=\"et_pb_image_2 et_pb_image et_pb_module et_block_module\"><span class=\"et_pb_image_wrap\"><img loading=\"lazy\" decoding=\"async\" src=\"https:\/\/cardinalcourse.com\/wp-content\/uploads\/2026\/01\/001-icono_ventana-opertava.jpg\" title=\"001-ic\u00f4ne_fen\u00eatre-op\u00e9rative\" width=\"280\" height=\"269\" srcset=\"https:\/\/cardinalcourse.com\/wp-content\/uploads\/2026\/01\/001-icono_ventana-opertava.jpg 280w\" sizes=\"(max-width: 280px) 100vw, 280px\" class=\"wp-image-655\" \/><\/span><\/div>\n\n<div class=\"et_pb_text_11 et_pb_text et_pb_bg_layout_light et_pb_module et_block_module\"><div class=\"et_pb_text_inner\"><p style=\"text-align: center;\">Fen\u00eatre<br \/>\nop\u00e9rationnelle<\/p>\n<\/div><\/div>\n\n<div class=\"et_pb_text_12 et_pb_text et_pb_bg_layout_light et_pb_module et_block_module\"><div class=\"et_pb_text_inner\"><p style=\"text-align: center;\">Climat favorable 365 jours par an pour les travaux en ext\u00e9rieur, les polissages et l\u2019antifouling.<\/p>\n<\/div><\/div>\n<\/div>\n\n<div class=\"et_pb_column_7 et_pb_column et-last-child et_flex_column et_pb_css_mix_blend_mode_passthrough et_flex_column_24_24 et_flex_column_24_24_tablet et_flex_column_24_24_phone\">\n<div class=\"et_pb_image_3 et_pb_image et_pb_module et_block_module\"><span class=\"et_pb_image_wrap\"><img loading=\"lazy\" decoding=\"async\" src=\"https:\/\/cardinalcourse.com\/wp-content\/uploads\/2026\/01\/001-icono_Certificacion.jpg\" title=\"001-ic\u00f4ne_Certification\" width=\"280\" height=\"269\" srcset=\"https:\/\/cardinalcourse.com\/wp-content\/uploads\/2026\/01\/001-icono_Certificacion.jpg 280w\" sizes=\"(max-width: 280px) 100vw, 280px\" class=\"wp-image-654\" \/><\/span><\/div>\n\n<div class=\"et_pb_text_13 et_pb_text et_pb_bg_layout_light et_pb_module et_block_module\"><div class=\"et_pb_text_inner\"><p style=\"text-align: center;\">Certification<br \/>\net rigueur<\/p>\n<\/div><\/div>\n\n<div class=\"et_pb_text_14 et_pb_text et_pb_bg_layout_light et_pb_module et_block_module\"><div class=\"et_pb_text_inner\"><p style=\"text-align: center;\">Nous appliquons des standards d\u2019ing\u00e9nierie \u00e0 chaque soudure en Inox 316L et \u00e0 chaque couture technique.<\/p>\n<\/div><\/div>\n<\/div>\n<\/div>\n<\/div>","protected":false},"excerpt":{"rendered":"","protected":false},"author":1,"featured_media":0,"parent":0,"menu_order":15,"comment_status":"closed","ping_status":"closed","template":"","meta":{"footnotes":""},"class_list":["post-3401","page","type-page","status-publish","hentry"],"_links":{"self":[{"href":"https:\/\/cardinalcourse.com\/fr\/wp-json\/wp\/v2\/pages\/3401","targetHints":{"allow":["GET"]}}],"collection":[{"href":"https:\/\/cardinalcourse.com\/fr\/wp-json\/wp\/v2\/pages"}],"about":[{"href":"https:\/\/cardinalcourse.com\/fr\/wp-json\/wp\/v2\/types\/page"}],"author":[{"embeddable":true,"href":"https:\/\/cardinalcourse.com\/fr\/wp-json\/wp\/v2\/users\/1"}],"replies":[{"embeddable":true,"href":"https:\/\/cardinalcourse.com\/fr\/wp-json\/wp\/v2\/comments?post=3401"}],"version-history":[{"count":3,"href":"https:\/\/cardinalcourse.com\/fr\/wp-json\/wp\/v2\/pages\/3401\/revisions"}],"predecessor-version":[{"id":3512,"href":"https:\/\/cardinalcourse.com\/fr\/wp-json\/wp\/v2\/pages\/3401\/revisions\/3512"}],"wp:attachment":[{"href":"https:\/\/cardinalcourse.com\/fr\/wp-json\/wp\/v2\/media?parent=3401"}],"curies":[{"name":"wp","href":"https:\/\/api.w.org\/{rel}","templated":true}]}}